{"id":3288,"date":"2020-07-13T10:43:00","date_gmt":"2020-07-13T14:43:00","guid":{"rendered":"https:\/\/www.asc.ohio-state.edu\/dataharmonization\/?page_id=3288"},"modified":"2020-07-16T04:21:52","modified_gmt":"2020-07-16T08:21:52","slug":"source-survey-quality-in-sdr","status":"publish","type":"page","link":"https:\/\/wp.asc.ohio-state.edu\/dataharmonization\/data\/source-survey-quality-in-sdr\/","title":{"rendered":"Source Survey Quality in SDR"},"content":{"rendered":"\n<p>The SDR analytic framework draws on the Total Survey Error, Survey Quality Monitoring and Fitness for Intended Use approaches to define survey quality as methodological errors and biases that stem from deviations from standards of data collection, processing, and releasing \u2013 standards available in the specialized methodological literature and promoted by professional organizations of public opinion and marketing research.<\/p>\n\n\n\n<p>This definition allows to break the complex concept of survey data quality into 3 dimensions:&nbsp;<\/p>\n\n\n\n<p>a) Quality of surveys as reflected in the <strong>survey documentation, <\/strong>sinceinadequate information in documentation reduces confidence in the data;<\/p>\n\n\n\n<p>b) Quality of the <strong>data records<\/strong> in national datasets (i.e. computer files), since occurrence of errors can lead to distortion of empirical results;<\/p>\n\n\n\n<p>c) Degree of consistency between <strong>documentation <\/strong>and<strong> data records<\/strong> in the computer file, since occurrence of processing errors can affect the overall usability of the survey.<\/p>\n\n\n\n<p>For each dimension, we develop specific operational definitions that we use to measure quality elements of the source surveys.<\/p>\n\n\n\n<p>For publications on survey data quality in the SDR analytic framework:<\/p>\n\n\n\n<p>Slomczynski, Kazimierz M and Irina Tomescu-Dubrow.&nbsp;2018. \u201cBasic Principles of Survey Data Recycling.\u201d Ch. 43; p. 937-962 in&nbsp;<a href=\"https:\/\/www.wiley.com\/en-pl\/Advances+in+Comparative+Survey+Methods:+Multinational,+Multiregional,+and+Multicultural+Contexts+(3MC)-p-9781118884980\"><em>Advances in Comparative Survey Methodology:&nbsp;Multinational, Multiregional and Multicultural Contexts<\/em><\/a><em>&nbsp;(3MC)<\/em>, T.P. Johnson, B-E Pennell, I. A. L. Stoop, &amp; B. Dorer (eds), Wiley Hoboken, New Jersey<\/p>\n\n\n\n<p>Ko\u0142czy\u0144ska, Marta, &amp; Schoene, Matthew. 2018. \u201cSurvey Data Harmonization and the Quality of Data Documentation in Cross-national Surveys.\u201d In T. P. Johnson, B.-E. Pennell, I. Stoop, &amp; B. Dorer (Eds.),&nbsp;<a href=\"https:\/\/www.wiley.com\/en-pl\/Advances+in+Comparative+Survey+Methods:+Multinational,+Multiregional,+and+Multicultural+Contexts+(3MC)-p-9781118884980\"><em>Advances in Comparative Survey Methodology:&nbsp;Multinational, Multiregional and Multicultural Contexts (3MC)<\/em><\/a>&nbsp;(pp. 963\u2013984). John Wiley &amp; Sons, Ltd.<\/p>\n\n\n\n<p>Oleksiyenko, Olena, Wysmulek, Ilona &amp; Vangeli, Anastas. 2018. \u201cIdentification of Processing Errors in Cross\u2010national Surveys.\u201d In Johnson, T.P, Pennell, B.-E., Stoop, I.A., &amp; Dorer, B. (Eds.),&nbsp;<a href=\"https:\/\/www.wiley.com\/en-pl\/Advances+in+Comparative+Survey+Methods:+Multinational,+Multiregional,+and+Multicultural+Contexts+(3MC)-p-9781118884980\"><em>Advances in Comparative Survey Methodology:&nbsp;Multinational, Multiregional and Multicultural Contexts (3MC)<\/em><\/a>&nbsp;(pp. 985\u20131010). John Wiley &amp; Sons, Inc.<\/p>\n\n\n\n<p>Zieli\u0144ski, Marcin. W., Powa\u0142ko, Przemek., and Ko\u0142czy\u0144ska, Marta. 2018. \u201cThe Past, Present, and Future of Statistical Weights in International Survey Projects: Implications for Survey Data Harmonization.\u201d&nbsp;<a href=\"https:\/\/www.wiley.com\/en-pl\/Advances+in+Comparative+Survey+Methods:+Multinational,+Multiregional,+and+Multicultural+Contexts+(3MC)-p-9781118884980\"><em>Advances in Comparative Survey Methodology:&nbsp;Multinational, Multiregional and Multicultural Contexts (3MC)<\/em><\/a>, 1035\u20131052.<\/p>\n\n\n\n<p>Slomczynski, Kazimierz M., Przemek Powalko and Tadeusz Krauze. 2017. \u201c<a href=\"https:\/\/ojs.ub.uni-konstanz.de\/srm\/article\/view\/6557\/6485\" target=\"_blank\" rel=\"noreferrer noopener\">Non-unique Records in International Survey Projects: The Need for Extending Data Quality Control<\/a>.\u201d&nbsp;<em>Survey Research Methods<\/em>&nbsp;11(1): 1-16.<\/p>\n","protected":false},"excerpt":{"rendered":"<p>The SDR analytic framework draws on the Total Survey Error, Survey Quality Monitoring and Fitness for Intended Use approaches to define survey quality as methodological errors and biases that stem from deviations from standards of data collection, processing, and releasing &hellip;<\/p>\n<p class=\"read-more\"> <a class=\"more-link\" href=\"https:\/\/wp.asc.ohio-state.edu\/dataharmonization\/data\/source-survey-quality-in-sdr\/\"> <span class=\"screen-reader-text\">Source Survey Quality in SDR<\/span> Read More &raquo;<\/a><\/p>\n","protected":false},"author":7,"featured_media":0,"parent":31,"menu_order":3,"comment_status":"closed","ping_status":"closed","template":"","meta":{"footnotes":""},"class_list":["post-3288","page","type-page","status-publish","hentry"],"_links":{"self":[{"href":"https:\/\/wp.asc.ohio-state.edu\/dataharmonization\/wp-json\/wp\/v2\/pages\/3288","targetHints":{"allow":["GET"]}}],"collection":[{"href":"https:\/\/wp.asc.ohio-state.edu\/dataharmonization\/wp-json\/wp\/v2\/pages"}],"about":[{"href":"https:\/\/wp.asc.ohio-state.edu\/dataharmonization\/wp-json\/wp\/v2\/types\/page"}],"author":[{"embeddable":true,"href":"https:\/\/wp.asc.ohio-state.edu\/dataharmonization\/wp-json\/wp\/v2\/users\/7"}],"replies":[{"embeddable":true,"href":"https:\/\/wp.asc.ohio-state.edu\/dataharmonization\/wp-json\/wp\/v2\/comments?post=3288"}],"version-history":[{"count":2,"href":"https:\/\/wp.asc.ohio-state.edu\/dataharmonization\/wp-json\/wp\/v2\/pages\/3288\/revisions"}],"predecessor-version":[{"id":3317,"href":"https:\/\/wp.asc.ohio-state.edu\/dataharmonization\/wp-json\/wp\/v2\/pages\/3288\/revisions\/3317"}],"up":[{"embeddable":true,"href":"https:\/\/wp.asc.ohio-state.edu\/dataharmonization\/wp-json\/wp\/v2\/pages\/31"}],"wp:attachment":[{"href":"https:\/\/wp.asc.ohio-state.edu\/dataharmonization\/wp-json\/wp\/v2\/media?parent=3288"}],"curies":[{"name":"wp","href":"https:\/\/api.w.org\/{rel}","templated":true}]}}